{"id":171,"date":"2021-03-19T01:22:00","date_gmt":"2021-03-19T01:22:00","guid":{"rendered":"https:\/\/wazasystems.com\/?page_id=171"},"modified":"2021-11-25T15:53:57","modified_gmt":"2021-11-25T15:53:57","slug":"logos","status":"publish","type":"page","link":"https:\/\/wazasystems.com\/pt\/products\/logos\/","title":{"rendered":"Logo &#038; Branding"},"content":{"rendered":"<div data-elementor-type=\"wp-page\" data-elementor-id=\"171\" class=\"elementor elementor-171\">\n\t\t\t\t\t\t\t\t\t<section class=\"elementor-section elementor-top-section elementor-element elementor-element-b88b31e elementor-section-stretched elementor-section-full_width elementor-section-height-default elementor-section-height-default\" data-id=\"b88b31e\" data-element_type=\"section\" data-settings=\"{&quot;background_background&quot;:&quot;classic&quot;,&quot;stretch_section&quot;:&quot;section-stretched&quot;,&quot;background_motion_fx_translateY_effect&quot;:&quot;yes&quot;,&quot;background_motion_fx_motion_fx_scrolling&quot;:&quot;yes&quot;,&quot;background_motion_fx_translateY_speed&quot;:{&quot;unit&quot;:&quot;px&quot;,&quot;size&quot;:5.4000000000000003552713678800500929355621337890625,&quot;sizes&quot;:[]},&quot;background_motion_fx_translateY_affectedRange&quot;:{&quot;unit&quot;:&quot;%&quot;,&quot;size&quot;:&quot;&quot;,&quot;sizes&quot;:{&quot;start&quot;:0,&quot;end&quot;:100}},&quot;background_motion_fx_devices&quot;:[&quot;desktop&quot;,&quot;tablet&quot;,&quot;mobile&quot;]}\">\n\t\t\t\t\t\t\t<div class=\"elementor-background-overlay\"><\/div>\n\t\t\t\t\t\t\t<div class=\"elementor-container elementor-column-gap-default\">\n\t\t\t\t\t<div class=\"elementor-column elementor-col-100 elementor-top-column elementor-element elementor-element-4e40381\" data-id=\"4e40381\" data-element_type=\"column\">\n\t\t\t<div class=\"elementor-widget-wrap\">\n\t\t\t\t\t\t\t\t\t<\/div>\n\t\t<\/div>\n\t\t\t\t\t\t\t<\/div>\n\t\t<\/section>\n\t\t\t\t<section class=\"elementor-section elementor-top-section elementor-element elementor-element-85c4ff0 elementor-section-full_width elementor-section-height-default elementor-section-height-default\" data-id=\"85c4ff0\" data-element_type=\"section\" data-settings=\"{&quot;background_background&quot;:&quot;classic&quot;}\">\n\t\t\t\t\t\t<div class=\"elementor-container elementor-column-gap-default\">\n\t\t\t\t\t<div class=\"elementor-column elementor-col-100 elementor-top-column elementor-element elementor-element-62d8c4e\" data-id=\"62d8c4e\" data-element_type=\"column\">\n\t\t\t<div class=\"elementor-widget-wrap elementor-element-populated\">\n\t\t\t\t\t\t\t\t<div class=\"elementor-element elementor-element-c28dd84 elementor-widget elementor-widget-heading\" data-id=\"c28dd84\" data-element_type=\"widget\" data-widget_type=\"heading.default\">\n\t\t\t\t<div class=\"elementor-widget-container\">\n\t\t\t<h2 class=\"elementor-heading-title elementor-size-default\">LOGOS & BRANDING<\/h2>\t\t<\/div>\n\t\t\t\t<\/div>\n\t\t\t\t\t<\/div>\n\t\t<\/div>\n\t\t\t\t\t\t\t<\/div>\n\t\t<\/section>\n\t\t\t\t<section class=\"elementor-section elementor-top-section elementor-element elementor-element-0761bf8 elementor-section-full_width elementor-section-height-default elementor-section-height-default\" data-id=\"0761bf8\" data-element_type=\"section\" data-settings=\"{&quot;background_background&quot;:&quot;classic&quot;}\">\n\t\t\t\t\t\t<div class=\"elementor-container elementor-column-gap-default\">\n\t\t\t\t\t<div class=\"elementor-column elementor-col-100 elementor-top-column elementor-element elementor-element-4e50502\" data-id=\"4e50502\" data-element_type=\"column\" data-settings=\"{&quot;background_background&quot;:&quot;classic&quot;}\">\n\t\t\t<div class=\"elementor-widget-wrap elementor-element-populated\">\n\t\t\t\t\t\t\t\t<div class=\"elementor-element elementor-element-6a66057 elementor-invisible elementor-widget elementor-widget-heading\" data-id=\"6a66057\" data-element_type=\"widget\" data-settings=\"{&quot;_animation&quot;:&quot;slideInRight&quot;}\" data-widget_type=\"heading.default\">\n\t\t\t\t<div class=\"elementor-widget-container\">\n\t\t\t<h2 class=\"elementor-heading-title elementor-size-default\">CRIAMOS O SEU LOGOTIPO, FLYER E CART\u00d5ES DE VISITA<\/h2>\t\t<\/div>\n\t\t\t\t<\/div>\n\t\t\t\t\t<\/div>\n\t\t<\/div>\n\t\t\t\t\t\t\t<\/div>\n\t\t<\/section>\n\t\t\t\t<section class=\"elementor-section elementor-top-section elementor-element elementor-element-19cbd3c elementor-section-full_width elementor-section-height-default elementor-section-height-default\" data-id=\"19cbd3c\" data-element_type=\"section\" data-settings=\"{&quot;background_background&quot;:&quot;classic&quot;}\">\n\t\t\t\t\t\t<div class=\"elementor-container elementor-column-gap-default\">\n\t\t\t\t\t<div class=\"elementor-column elementor-col-100 elementor-top-column elementor-element elementor-element-3505121\" data-id=\"3505121\" data-element_type=\"column\">\n\t\t\t<div class=\"elementor-widget-wrap elementor-element-populated\">\n\t\t\t\t\t\t\t\t<div class=\"elementor-element elementor-element-8205ed8 elementor-invisible elementor-widget elementor-widget-heading\" data-id=\"8205ed8\" data-element_type=\"widget\" data-settings=\"{&quot;_animation&quot;:&quot;slideInLeft&quot;}\" data-widget_type=\"heading.default\">\n\t\t\t\t<div class=\"elementor-widget-container\">\n\t\t\t<h2 class=\"elementor-heading-title elementor-size-default\">MELHORE O MARKETING DA SUA EMPRESA<\/h2>\t\t<\/div>\n\t\t\t\t<\/div>\n\t\t\t\t\t<\/div>\n\t\t<\/div>\n\t\t\t\t\t\t\t<\/div>\n\t\t<\/section>\n\t\t\t\t<section class=\"elementor-section elementor-top-section elementor-element elementor-element-40a4559d elementor-section-content-middle elementor-section-stretched elementor-section-boxed elementor-section-height-default elementor-section-height-default\" data-id=\"40a4559d\" data-element_type=\"section\" data-settings=\"{&quot;background_background&quot;:&quot;classic&quot;,&quot;stretch_section&quot;:&quot;section-stretched&quot;}\">\n\t\t\t\t\t\t<div class=\"elementor-container elementor-column-gap-no\">\n\t\t\t\t\t<div class=\"elementor-column elementor-col-50 elementor-top-column elementor-element elementor-element-32c31621 elementor-invisible\" data-id=\"32c31621\" data-element_type=\"column\" data-settings=\"{&quot;animation&quot;:&quot;rotateInDownLeft&quot;}\">\n\t\t\t<div class=\"elementor-widget-wrap elementor-element-populated\">\n\t\t\t\t\t\t\t\t<div class=\"elementor-element elementor-element-27306049 elementor-widget elementor-widget-image\" data-id=\"27306049\" data-element_type=\"widget\" data-widget_type=\"image.default\">\n\t\t\t\t<div class=\"elementor-widget-container\">\n\t\t\t\t\t\t\t\t\t\t\t\t\t\t\t<img loading=\"lazy\" decoding=\"async\" width=\"500\" height=\"500\" src=\"https:\/\/wazasystems.com\/wp-content\/uploads\/2021\/09\/Logotipo-fundo-transparente.png\" class=\"attachment-medium_large size-medium_large\" alt=\"\" srcset=\"https:\/\/wazasystems.com\/wp-content\/uploads\/2021\/09\/Logotipo-fundo-transparente.png 500w, https:\/\/wazasystems.com\/wp-content\/uploads\/2021\/09\/Logotipo-fundo-transparente-300x300.png 300w, https:\/\/wazasystems.com\/wp-content\/uploads\/2021\/09\/Logotipo-fundo-transparente-150x150.png 150w, https:\/\/wazasystems.com\/wp-content\/uploads\/2021\/09\/Logotipo-fundo-transparente-12x12.png 12w\" sizes=\"auto, (max-width: 500px) 100vw, 500px\" \/>\t\t\t\t\t\t\t\t\t\t\t\t\t\t\t<\/div>\n\t\t\t\t<\/div>\n\t\t\t\t\t<\/div>\n\t\t<\/div>\n\t\t\t\t<div class=\"elementor-column elementor-col-50 elementor-top-column elementor-element elementor-element-4e41c26a elementor-invisible\" data-id=\"4e41c26a\" data-element_type=\"column\" data-settings=\"{&quot;background_background&quot;:&quot;classic&quot;,&quot;animation&quot;:&quot;rotateInDownRight&quot;}\">\n\t\t\t<div class=\"elementor-widget-wrap elementor-element-populated\">\n\t\t\t\t\t\t\t\t<div class=\"elementor-element elementor-element-47ab5b36 elementor-widget elementor-widget-heading\" data-id=\"47ab5b36\" data-element_type=\"widget\" data-widget_type=\"heading.default\">\n\t\t\t\t<div class=\"elementor-widget-container\">\n\t\t\t<h3 class=\"elementor-heading-title elementor-size-large\">Logotipo\n<br><\/h3>\t\t<\/div>\n\t\t\t\t<\/div>\n\t\t\t\t<div class=\"elementor-element elementor-element-53a64414 elementor-widget elementor-widget-text-editor\" data-id=\"53a64414\" data-element_type=\"widget\" data-widget_type=\"text-editor.default\">\n\t\t\t\t<div class=\"elementor-widget-container\">\n\t\t\t\t\t\t\t<h5>Express Logo - <strong>18,99\u20ac<\/strong><\/h5><ul><li>Elaborado por um designer profissional em 24h<\/li><li>Receber\u00e1 3 logotipos, est\u00e3o inclu\u00eddas tr\u00eas edi\u00e7\u00f5es<\/li><\/ul><p>\u00a0<\/p><h5>Logo Premium &#8211; <strong>89,99\u20ac<\/strong><\/h5><ul><li>Edi\u00e7\u00f5es ilimitadas para o seu logo<\/li><li>Oferta do design do seu Cart\u00e3o de Visita<\/li><\/ul>\t\t\t\t\t\t<\/div>\n\t\t\t\t<\/div>\n\t\t\t\t<div class=\"elementor-element elementor-element-55e163d elementor-align-center elementor-widget elementor-widget-button\" data-id=\"55e163d\" data-element_type=\"widget\" data-widget_type=\"button.default\">\n\t\t\t\t<div class=\"elementor-widget-container\">\n\t\t\t\t\t<div class=\"elementor-button-wrapper\">\n\t\t\t<a href=\"#elementor-action:action=popup:open&settings=eyJpZCI6IjE4MjgiLCJ0b2dnbGUiOmZhbHNlfQ==\" class=\"elementor-button-link elementor-button elementor-size-md\" role=\"button\">\n\t\t\t\t\t\t<span class=\"elementor-button-content-wrapper\">\n\t\t\t\t\t\t<span class=\"elementor-button-text\">PEDIR OR\u00c7AMENTO<\/span>\n\t\t<\/span>\n\t\t\t\t\t<\/a>\n\t\t<\/div>\n\t\t\t\t<\/div>\n\t\t\t\t<\/div>\n\t\t\t\t\t<\/div>\n\t\t<\/div>\n\t\t\t\t\t\t\t<\/div>\n\t\t<\/section>\n\t\t\t\t<section class=\"elementor-section elementor-top-section elementor-element elementor-element-4e1ed2bd elementor-section-content-middle elementor-section-stretched elementor-section-boxed elementor-section-height-default elementor-section-height-default\" data-id=\"4e1ed2bd\" data-element_type=\"section\" data-settings=\"{&quot;background_background&quot;:&quot;classic&quot;,&quot;stretch_section&quot;:&quot;section-stretched&quot;}\">\n\t\t\t\t\t\t<div class=\"elementor-container elementor-column-gap-no\">\n\t\t\t\t\t<div class=\"elementor-column elementor-col-50 elementor-top-column elementor-element elementor-element-100e96d3 elementor-invisible\" data-id=\"100e96d3\" data-element_type=\"column\" data-settings=\"{&quot;background_background&quot;:&quot;classic&quot;,&quot;animation&quot;:&quot;rotateInDownLeft&quot;}\">\n\t\t\t<div class=\"elementor-widget-wrap elementor-element-populated\">\n\t\t\t\t\t\t\t\t<div class=\"elementor-element elementor-element-70c5bb3 elementor-widget elementor-widget-heading\" data-id=\"70c5bb3\" data-element_type=\"widget\" data-widget_type=\"heading.default\">\n\t\t\t\t<div class=\"elementor-widget-container\">\n\t\t\t<h3 class=\"elementor-heading-title elementor-size-large\">Pacote Completo de Marketing\n<br><\/h3>\t\t<\/div>\n\t\t\t\t<\/div>\n\t\t\t\t<div class=\"elementor-element elementor-element-170a8f26 elementor-widget elementor-widget-text-editor\" data-id=\"170a8f26\" data-element_type=\"widget\" data-widget_type=\"text-editor.default\">\n\t\t\t\t<div class=\"elementor-widget-container\">\n\t\t\t\t\t\t\t<p style=\"text-align: left;\">Desenhamos a imagem de marca da sua empresa, e todo o material de marketing.  Design profissional para logotipos, flyers, cart\u00f5es de visitas, etc..<\/p><h5 style=\"text-align: left;\"><span style=\"color: #464646; font-weight: 400; font-size: 15px;\">No pacote est\u00e1 inclu\u00eddo:<\/span><\/h5><div><ol><li style=\"text-align: left;\">Logotipo<\/li><li style=\"text-align: left;\">Flyer design<\/li><li style=\"text-align: left;\">Poster design<\/li><li style=\"text-align: left;\">Cart\u00e3o de visita<\/li><li style=\"text-align: left;\">\u00a0Banner para redes sociais e website<\/li><li style=\"text-align: left;\">Um produto extra \u00e0 sua escolha<\/li><\/ol><h5>Pacote completo por apenas\u00a0 \u00a0 <strong>139,99\u20ac<\/strong><\/h5><\/div>\t\t\t\t\t\t<\/div>\n\t\t\t\t<\/div>\n\t\t\t\t<div class=\"elementor-element elementor-element-37212a7 elementor-align-center elementor-widget elementor-widget-button\" data-id=\"37212a7\" data-element_type=\"widget\" data-widget_type=\"button.default\">\n\t\t\t\t<div class=\"elementor-widget-container\">\n\t\t\t\t\t<div class=\"elementor-button-wrapper\">\n\t\t\t<a href=\"#elementor-action:action=popup:open&settings=eyJpZCI6IjE4NTYiLCJ0b2dnbGUiOmZhbHNlfQ==\" class=\"elementor-button-link elementor-button elementor-size-md\" role=\"button\">\n\t\t\t\t\t\t<span class=\"elementor-button-content-wrapper\">\n\t\t\t\t\t\t<span class=\"elementor-button-text\">PEDIR OR\u00c7AMENTO<\/span>\n\t\t<\/span>\n\t\t\t\t\t<\/a>\n\t\t<\/div>\n\t\t\t\t<\/div>\n\t\t\t\t<\/div>\n\t\t\t\t\t<\/div>\n\t\t<\/div>\n\t\t\t\t<div class=\"elementor-column elementor-col-50 elementor-top-column elementor-element elementor-element-2c72b671\" data-id=\"2c72b671\" data-element_type=\"column\">\n\t\t\t<div class=\"elementor-widget-wrap elementor-element-populated\">\n\t\t\t\t\t\t\t\t<div class=\"elementor-element elementor-element-6c662e3 elementor-invisible elementor-widget elementor-widget-image\" data-id=\"6c662e3\" data-element_type=\"widget\" data-settings=\"{&quot;_animation&quot;:&quot;rotateInDownRight&quot;,&quot;_animation_delay&quot;:250}\" data-widget_type=\"image.default\">\n\t\t\t\t<div class=\"elementor-widget-container\">\n\t\t\t\t\t\t\t\t\t\t\t\t\t\t\t<img loading=\"lazy\" decoding=\"async\" width=\"1920\" height=\"1280\" src=\"https:\/\/wazasystems.com\/wp-content\/uploads\/2021\/09\/marketing-strategies-3105875_1920.jpg\" class=\"attachment-full size-full\" alt=\"\" srcset=\"https:\/\/wazasystems.com\/wp-content\/uploads\/2021\/09\/marketing-strategies-3105875_1920.jpg 1920w, https:\/\/wazasystems.com\/wp-content\/uploads\/2021\/09\/marketing-strategies-3105875_1920-300x200.jpg 300w, https:\/\/wazasystems.com\/wp-content\/uploads\/2021\/09\/marketing-strategies-3105875_1920-1024x683.jpg 1024w, https:\/\/wazasystems.com\/wp-content\/uploads\/2021\/09\/marketing-strategies-3105875_1920-768x512.jpg 768w, https:\/\/wazasystems.com\/wp-content\/uploads\/2021\/09\/marketing-strategies-3105875_1920-1536x1024.jpg 1536w, https:\/\/wazasystems.com\/wp-content\/uploads\/2021\/09\/marketing-strategies-3105875_1920-18x12.jpg 18w\" sizes=\"auto, (max-width: 1920px) 100vw, 1920px\" \/>\t\t\t\t\t\t\t\t\t\t\t\t\t\t\t<\/div>\n\t\t\t\t<\/div>\n\t\t\t\t\t<\/div>\n\t\t<\/div>\n\t\t\t\t\t\t\t<\/div>\n\t\t<\/section>\n\t\t\t\t<section class=\"elementor-section elementor-top-section elementor-element elementor-element-50d1369 elementor-section-boxed elementor-section-height-default elementor-section-height-default\" data-id=\"50d1369\" data-element_type=\"section\" data-settings=\"{&quot;background_background&quot;:&quot;classic&quot;}\">\n\t\t\t\t\t\t<div class=\"elementor-container elementor-column-gap-default\">\n\t\t\t\t\t<div class=\"elementor-column elementor-col-100 elementor-top-column elementor-element elementor-element-5264ca4\" data-id=\"5264ca4\" data-element_type=\"column\">\n\t\t\t<div class=\"elementor-widget-wrap elementor-element-populated\">\n\t\t\t\t\t\t\t\t<div class=\"elementor-element elementor-element-78d884f elementor-widget elementor-widget-spacer\" data-id=\"78d884f\" data-element_type=\"widget\" data-widget_type=\"spacer.default\">\n\t\t\t\t<div class=\"elementor-widget-container\">\n\t\t\t\t\t<div class=\"elementor-spacer\">\n\t\t\t<div class=\"elementor-spacer-inner\"><\/div>\n\t\t<\/div>\n\t\t\t\t<\/div>\n\t\t\t\t<\/div>\n\t\t\t\t\t<\/div>\n\t\t<\/div>\n\t\t\t\t\t\t\t<\/div>\n\t\t<\/section>\n\t\t\t\t\t\t\t<\/div>","protected":false},"excerpt":{"rendered":"<p>LOGOS &#038; BRANDING WE CREATE YOUR LOGO, FLYER AND BUSINESS CARD IMPROVE YOUR MARKETING Company Logo Logo Express &#8211; 18,99\u20ac Elaborated by a professional designer in 24h 3 logo proposals, with three free logo edition \u00a0 Logo Premium &#8211; 89,99\u20ac Unlimited changes and editions to your logo Business Card design included Free Quote Full Advertisement [&hellip;]<\/p>","protected":false},"author":1,"featured_media":0,"parent":11,"menu_order":0,"comment_status":"closed","ping_status":"closed","template":"","meta":{"_joinchat":[],"footnotes":""},"class_list":["post-171","page","type-page","status-publish","hentry"],"_links":{"self":[{"href":"https:\/\/wazasystems.com\/pt\/wp-json\/wp\/v2\/pages\/171","targetHints":{"allow":["GET"]}}],"collection":[{"href":"https:\/\/wazasystems.com\/pt\/wp-json\/wp\/v2\/pages"}],"about":[{"href":"https:\/\/wazasystems.com\/pt\/wp-json\/wp\/v2\/types\/page"}],"author":[{"embeddable":true,"href":"https:\/\/wazasystems.com\/pt\/wp-json\/wp\/v2\/users\/1"}],"replies":[{"embeddable":true,"href":"https:\/\/wazasystems.com\/pt\/wp-json\/wp\/v2\/comments?post=171"}],"version-history":[{"count":139,"href":"https:\/\/wazasystems.com\/pt\/wp-json\/wp\/v2\/pages\/171\/revisions"}],"predecessor-version":[{"id":2377,"href":"https:\/\/wazasystems.com\/pt\/wp-json\/wp\/v2\/pages\/171\/revisions\/2377"}],"up":[{"embeddable":true,"href":"https:\/\/wazasystems.com\/pt\/wp-json\/wp\/v2\/pages\/11"}],"wp:attachment":[{"href":"https:\/\/wazasystems.com\/pt\/wp-json\/wp\/v2\/media?parent=171"}],"curies":[{"name":"wp","href":"https:\/\/api.w.org\/{rel}","templated":true}]}}